{"id":11,"date":"2018-11-20T12:04:32","date_gmt":"2018-11-20T11:04:32","guid":{"rendered":"https:\/\/harnisch.com\/puk\/?page_id=11"},"modified":"2026-02-26T09:19:51","modified_gmt":"2026-02-26T08:19:51","slug":"mediadaten","status":"publish","type":"page","link":"https:\/\/harnisch.com\/puk\/mediadaten\/","title":{"rendered":"Mediadaten"},"content":{"rendered":"<p><iframe loading=\"lazy\" src=\"https:\/\/harnisch.com\/puk\/wp-content\/uploads\/sites\/2\/2026\/02\/puk_md_2026_dt_25022026.pdf\" width=\"620px\" height=\"470px\" frameborder=\"0\" allowfullscreen=\"allowfullscreen\"><span data-mce-type=\"bookmark\" style=\"display: inline-block; width: 0px; overflow: hidden; line-height: 0;\" class=\"mce_SELRES_start\">\ufeff<\/span><span data-mce-type=\"bookmark\" style=\"display: inline-block; width: 0px; overflow: hidden; line-height: 0;\" class=\"mce_SELRES_start\">\ufeff<\/span><\/iframe><\/p>\n<p><a href=\"https:\/\/harnisch.com\/puk\/wp-content\/uploads\/sites\/2\/2026\/02\/puk_md_2026_dt_25022026.pdf\"><input style=\"background-color: #000000;\" name=\"button\" type=\"submit\" value=\"Download\" \/><\/a><\/p>\n","protected":false},"excerpt":{"rendered":"<p>\ufeff\ufeff<\/p>\n","protected":false},"author":1,"featured_media":0,"parent":0,"menu_order":0,"comment_status":"closed","ping_status":"closed","template":"page-templates\/page-right-sidebar.php","meta":{"_acf_changed":false,"footnotes":""},"class_list":["post-11","page","type-page","status-publish","hentry"],"acf":[],"yoast_head":"<!-- This site is optimized with the Yoast SEO plugin v25.0 - https:\/\/yoast.com\/wordpress\/plugins\/seo\/ -->\n<title>Mediadaten - PuK - Prozesstechnik &amp; Komponenten<\/title>\n<meta name=\"description\" content=\"hF\u00fcr einen \u00dcberblick \u00fcber Werbung in unserer Fachzeitschrift k\u00f6nnen Sie hier unsere Mediadaten als PDF herunterladen.\" \/>\n<meta name=\"robots\" content=\"index, follow, max-snippet:-1, max-image-preview:large, max-video-preview:-1\" \/>\n<link rel=\"canonical\" href=\"https:\/\/harnisch.com\/puk\/mediadaten\/\" \/>\n<meta property=\"og:locale\" content=\"de_DE\" \/>\n<meta property=\"og:type\" content=\"article\" \/>\n<meta property=\"og:title\" content=\"Mediadaten - PuK - Prozesstechnik &amp; Komponenten\" \/>\n<meta property=\"og:description\" content=\"hF\u00fcr einen \u00dcberblick \u00fcber Werbung in unserer Fachzeitschrift k\u00f6nnen Sie hier unsere Mediadaten als PDF herunterladen.\" \/>\n<meta property=\"og:url\" content=\"https:\/\/harnisch.com\/puk\/mediadaten\/\" \/>\n<meta property=\"og:site_name\" content=\"PuK - Prozesstechnik &amp; Komponenten\" \/>\n<meta property=\"article:modified_time\" content=\"2026-02-26T08:19:51+00:00\" \/>\n<meta name=\"twitter:card\" content=\"summary_large_image\" \/>\n<meta name=\"twitter:label1\" content=\"Gesch\u00e4tzte Lesezeit\" \/>\n\t<meta name=\"twitter:data1\" content=\"1\u00a0Minute\" \/>\n<script type=\"application\/ld+json\" class=\"yoast-schema-graph\">{\"@context\":\"https:\/\/schema.org\",\"@graph\":[{\"@type\":\"WebPage\",\"@id\":\"https:\/\/harnisch.com\/puk\/mediadaten\/\",\"url\":\"https:\/\/harnisch.com\/puk\/mediadaten\/\",\"name\":\"Mediadaten - PuK - Prozesstechnik &amp; Komponenten\",\"isPartOf\":{\"@id\":\"https:\/\/harnisch.com\/puk\/en\/#website\"},\"datePublished\":\"2018-11-20T11:04:32+00:00\",\"dateModified\":\"2026-02-26T08:19:51+00:00\",\"description\":\"hF\u00fcr einen \u00dcberblick \u00fcber Werbung in unserer Fachzeitschrift k\u00f6nnen Sie hier unsere Mediadaten als PDF herunterladen.\",\"breadcrumb\":{\"@id\":\"https:\/\/harnisch.com\/puk\/mediadaten\/#breadcrumb\"},\"inLanguage\":\"de\",\"potentialAction\":[{\"@type\":\"ReadAction\",\"target\":[\"https:\/\/harnisch.com\/puk\/mediadaten\/\"]}]},{\"@type\":\"BreadcrumbList\",\"@id\":\"https:\/\/harnisch.com\/puk\/mediadaten\/#breadcrumb\",\"itemListElement\":[{\"@type\":\"ListItem\",\"position\":1,\"name\":\"Startseite\",\"item\":\"https:\/\/harnisch.com\/puk\/\"},{\"@type\":\"ListItem\",\"position\":2,\"name\":\"Mediadaten\"}]},{\"@type\":\"WebSite\",\"@id\":\"https:\/\/harnisch.com\/puk\/en\/#website\",\"url\":\"https:\/\/harnisch.com\/puk\/en\/\",\"name\":\"PuK - Prozesstechnik &amp; Komponenten\",\"description\":\"\",\"publisher\":{\"@id\":\"https:\/\/harnisch.com\/puk\/en\/#organization\"},\"potentialAction\":[{\"@type\":\"SearchAction\",\"target\":{\"@type\":\"EntryPoint\",\"urlTemplate\":\"https:\/\/harnisch.com\/puk\/en\/?s={search_term_string}\"},\"query-input\":{\"@type\":\"PropertyValueSpecification\",\"valueRequired\":true,\"valueName\":\"search_term_string\"}}],\"inLanguage\":\"de\"},{\"@type\":\"Organization\",\"@id\":\"https:\/\/harnisch.com\/puk\/en\/#organization\",\"name\":\"PuK - Prozesstechnik &amp; Komponenten\",\"url\":\"https:\/\/harnisch.com\/puk\/en\/\",\"logo\":{\"@type\":\"ImageObject\",\"inLanguage\":\"de\",\"@id\":\"https:\/\/harnisch.com\/puk\/en\/#\/schema\/logo\/image\/\",\"url\":\"https:\/\/harnisch.com\/puk\/wp-content\/uploads\/sites\/2\/2022\/10\/cropped-puk-header_kurz.png\",\"contentUrl\":\"https:\/\/harnisch.com\/puk\/wp-content\/uploads\/sites\/2\/2022\/10\/cropped-puk-header_kurz.png\",\"width\":417,\"height\":72,\"caption\":\"PuK - Prozesstechnik &amp; Komponenten\"},\"image\":{\"@id\":\"https:\/\/harnisch.com\/puk\/en\/#\/schema\/logo\/image\/\"}}]}<\/script>\n<!-- \/ Yoast SEO plugin. -->","yoast_head_json":{"title":"Mediadaten - PuK - Prozesstechnik &amp; Komponenten","description":"hF\u00fcr einen \u00dcberblick \u00fcber Werbung in unserer Fachzeitschrift k\u00f6nnen Sie hier unsere Mediadaten als PDF herunterladen.","robots":{"index":"index","follow":"follow","max-snippet":"max-snippet:-1","max-image-preview":"max-image-preview:large","max-video-preview":"max-video-preview:-1"},"canonical":"https:\/\/harnisch.com\/puk\/mediadaten\/","og_locale":"de_DE","og_type":"article","og_title":"Mediadaten - PuK - Prozesstechnik &amp; Komponenten","og_description":"hF\u00fcr einen \u00dcberblick \u00fcber Werbung in unserer Fachzeitschrift k\u00f6nnen Sie hier unsere Mediadaten als PDF herunterladen.","og_url":"https:\/\/harnisch.com\/puk\/mediadaten\/","og_site_name":"PuK - Prozesstechnik &amp; Komponenten","article_modified_time":"2026-02-26T08:19:51+00:00","twitter_card":"summary_large_image","twitter_misc":{"Gesch\u00e4tzte Lesezeit":"1\u00a0Minute"},"schema":{"@context":"https:\/\/schema.org","@graph":[{"@type":"WebPage","@id":"https:\/\/harnisch.com\/puk\/mediadaten\/","url":"https:\/\/harnisch.com\/puk\/mediadaten\/","name":"Mediadaten - PuK - Prozesstechnik &amp; Komponenten","isPartOf":{"@id":"https:\/\/harnisch.com\/puk\/en\/#website"},"datePublished":"2018-11-20T11:04:32+00:00","dateModified":"2026-02-26T08:19:51+00:00","description":"hF\u00fcr einen \u00dcberblick \u00fcber Werbung in unserer Fachzeitschrift k\u00f6nnen Sie hier unsere Mediadaten als PDF herunterladen.","breadcrumb":{"@id":"https:\/\/harnisch.com\/puk\/mediadaten\/#breadcrumb"},"inLanguage":"de","potentialAction":[{"@type":"ReadAction","target":["https:\/\/harnisch.com\/puk\/mediadaten\/"]}]},{"@type":"BreadcrumbList","@id":"https:\/\/harnisch.com\/puk\/mediadaten\/#breadcrumb","itemListElement":[{"@type":"ListItem","position":1,"name":"Startseite","item":"https:\/\/harnisch.com\/puk\/"},{"@type":"ListItem","position":2,"name":"Mediadaten"}]},{"@type":"WebSite","@id":"https:\/\/harnisch.com\/puk\/en\/#website","url":"https:\/\/harnisch.com\/puk\/en\/","name":"PuK - Prozesstechnik &amp; Komponenten","description":"","publisher":{"@id":"https:\/\/harnisch.com\/puk\/en\/#organization"},"potentialAction":[{"@type":"SearchAction","target":{"@type":"EntryPoint","urlTemplate":"https:\/\/harnisch.com\/puk\/en\/?s={search_term_string}"},"query-input":{"@type":"PropertyValueSpecification","valueRequired":true,"valueName":"search_term_string"}}],"inLanguage":"de"},{"@type":"Organization","@id":"https:\/\/harnisch.com\/puk\/en\/#organization","name":"PuK - Prozesstechnik &amp; Komponenten","url":"https:\/\/harnisch.com\/puk\/en\/","logo":{"@type":"ImageObject","inLanguage":"de","@id":"https:\/\/harnisch.com\/puk\/en\/#\/schema\/logo\/image\/","url":"https:\/\/harnisch.com\/puk\/wp-content\/uploads\/sites\/2\/2022\/10\/cropped-puk-header_kurz.png","contentUrl":"https:\/\/harnisch.com\/puk\/wp-content\/uploads\/sites\/2\/2022\/10\/cropped-puk-header_kurz.png","width":417,"height":72,"caption":"PuK - Prozesstechnik &amp; Komponenten"},"image":{"@id":"https:\/\/harnisch.com\/puk\/en\/#\/schema\/logo\/image\/"}}]}},"publishpress_future_action":{"enabled":false,"date":"2026-04-22 16:57:25","action":"change-status","newStatus":"draft","terms":[],"taxonomy":"translation_priority"},"publishpress_future_workflow_manual_trigger":{"enabledWorkflows":[]},"_links":{"self":[{"href":"https:\/\/harnisch.com\/puk\/wp-json\/wp\/v2\/pages\/11","targetHints":{"allow":["GET"]}}],"collection":[{"href":"https:\/\/harnisch.com\/puk\/wp-json\/wp\/v2\/pages"}],"about":[{"href":"https:\/\/harnisch.com\/puk\/wp-json\/wp\/v2\/types\/page"}],"author":[{"embeddable":true,"href":"https:\/\/harnisch.com\/puk\/wp-json\/wp\/v2\/users\/1"}],"replies":[{"embeddable":true,"href":"https:\/\/harnisch.com\/puk\/wp-json\/wp\/v2\/comments?post=11"}],"version-history":[{"count":27,"href":"https:\/\/harnisch.com\/puk\/wp-json\/wp\/v2\/pages\/11\/revisions"}],"predecessor-version":[{"id":4393,"href":"https:\/\/harnisch.com\/puk\/wp-json\/wp\/v2\/pages\/11\/revisions\/4393"}],"wp:attachment":[{"href":"https:\/\/harnisch.com\/puk\/wp-json\/wp\/v2\/media?parent=11"}],"curies":[{"name":"wp","href":"https:\/\/api.w.org\/{rel}","templated":true}]}}